{"id":49,"date":"2018-08-19T21:05:34","date_gmt":"2018-08-19T19:05:34","guid":{"rendered":"http:\/\/wordpress.tele-grossmann.de\/?page_id=49"},"modified":"2023-10-10T12:18:21","modified_gmt":"2023-10-10T10:18:21","slug":"datenschutz","status":"publish","type":"page","link":"https:\/\/wordpress.tele-grossmann.de\/?page_id=49","title":{"rendered":"Datenschutzerkl\u00e4rung"},"content":{"rendered":"<div class=\"column main\">Verantwortliche Stelle im Sinne der Datenschutzgesetze ist:<br \/>\nBernd-Steffen Gro\u00dfmann<br \/>\nWaldblick 24<br \/>\n53619 RheinbreitbachKontakt:<br \/>\nTelefon: <span class=\"diy-visible-on-nontouch\"> 02224 980915<\/span><br \/>\nMobil: 0171 4918300<br \/>\nE-Mail: information&#8220;\u00e4t&#8220;tele-grossmann.de<\/div>\n<p>Steuer-ID: 32\/055\/55270<\/p>\n<p>Soweit nachstehend keine anderen Angaben gemacht werden, ist die Bereitstellung Ihrer personenbezogenen Daten weder gesetzlich oder vertraglich vorgeschrieben, noch fu\u0308r einen Vertragsabschluss erforderlich. Sie sind zur Bereitstellung der Daten nicht verpflichtet. Eine Nichtbereitstellung hat keine Folgen. Dies gilt nur soweit bei den nachfolgenden Verarbeitungsvorga\u0308ngen keine anderweitige Angabe gemacht wird.<br \/>\n&#8222;Personenbezogene Daten&#8220; sind alle Informationen, die sich auf eine identifizierte oder identifizierbare natu\u0308rliche Person beziehen.<\/p>\n<h2>Server-Logfiles<\/h2>\n<p>Sie ko\u0308nnen unsere Webseiten besuchen, ohne Angaben zu Ihrer Person zu machen. Es werden bei jedem Zugriff auf unsere Website Nutzungsdaten durch Ihren Internetbrowser u\u0308bermittelt und in Protokolldaten (Server-Logfiles) gespeichert. Zu diesen gespeicherten Daten geho\u0308ren z.B. Name der aufgerufenen Seite, Datum und Uhrzeit des Abrufs, u\u0308bertragene Datenmenge und der anfragende Provider. Diese Daten dienen ausschlie\u00dflich der Gewa\u0308hrleistung eines sto\u0308rungsfreien Betriebs unserer Website und zur Verbesserung unseres Angebotes. Eine Zuordnung dieser Daten zu einer bestimmten Person ist nicht mo\u0308glich. Eine Zusammenf\u00fchrung dieser Daten mit anderen Datenquellen wird nicht vorgenommen. Wir behalten uns vor, diese Daten nachtr\u00e4glich zu pr\u00fcfen, wenn uns konkrete Anhaltspunkte f\u00fcr eine rechtswidrige Nutzung bekannt werden.<\/p>\n<h2>Erhebung und Verarbeitung bei Nutzung des Kontaktformulars<\/h2>\n<p>Bei der Nutzung des Kontaktformulars erheben wir Ihre personenbezogenen Daten (Name, E-Mail-Adresse, Nachrichtentext) nur in dem von Ihnen zur Verfu\u0308gung gestellten Umfang. Die Datenverarbeitung dient dem Zweck der Kontaktaufnahme. Mit Absenden Ihrer Nachricht willigen Sie in die Verarbeitung der u\u0308bermittelten Daten ein. Die Verarbeitung erfolgt auf Grundlage des Art. 6 (1) lit. a DSGVO mit Ihrer Einwilligung.<br \/>\nSie ko\u0308nnen Ihre Einwilligung jederzeit durch Mitteilung an uns widerrufen, ohne dass die Rechtma\u0308\u00dfigkeit der aufgrund der Einwilligung bis zum Widerruf erfolgten Verarbeitung beru\u0308hrt wird. Ihre E-Mail-Adresse nutzen wir nur zur Bearbeitung Ihrer Anfrage. Ihre Daten werden anschlie\u00dfend gelo\u0308scht, sofern Sie der weitergehenden Verarbeitung und Nutzung nicht zugestimmt haben.<\/p>\n<h2>Kundenkonto<\/h2>\n<p>Bei der Ero\u0308ffnung eines Kundenkontos erheben wir Ihre personenbezogenen Daten in dem dort angegeben Umfang. Die Datenverarbeitung dient dem Zweck, Ihr Einkaufserlebnis zu verbessern und die Bestellabwicklung zu vereinfachen. Die Verarbeitung erfolgt auf Grundlage des Art. 6 (1) lit. a DSGVO mit Ihrer Einwilligung. Sie ko\u0308nnen Ihre Einwilligung jederzeit durch Mitteilung an uns widerrufen, ohne dass die Rechtma\u0308\u00dfigkeit der aufgrund der Einwilligung bis zum Widerruf erfolgten Verarbeitung beru\u0308hrt wird. Ihr Kundenkonto wird anschlie\u00dfend gelo\u0308scht.<\/p>\n<h2>Datenerhebung bei Verfassung eines Kommentars<\/h2>\n<p>Bei der Kommentierung eines Artikels oder eines Beitrages erheben wir Ihre personenbezogenen Daten (Name, E-Mail-Adresse, Kommentartext) nur in dem von Ihnen zur Verfu\u0308gung gestellten Umfang. Die Verarbeitung dient dem Zweck, eine Kommentierung zu ermo\u0308glichen und Kommentare anzuzeigen. Mit Absenden des Kommentars willigen Sie in die Verarbeitung der u\u0308bermittelten Daten ein. Die Verarbeitung erfolgt auf Grundlage des Art. 6 (1) lit. a DSGVO mit Ihrer Einwilligung. Sie ko\u0308nnen die Einwilligung jederzeit durch Mitteilung an uns widerrufen, ohne dass die Rechtma\u0308\u00dfigkeit der aufgrund der Einwilligung bis zum Widerruf erfolgten Verarbeitung beru\u0308hrt wird. Ihre personenbezogenen Daten werden anschlie\u00dfend gelo\u0308scht.<\/p>\n<h2>Erhebung, Verarbeitung, Nutzung und Verarbeitung personenbezogener Daten bei Bestellungen<\/h2>\n<p>Bei der Bestellung erheben und verwenden wir Ihre personenbezogenen Daten nur, soweit dies zur Erfu\u0308llung und Abwicklung Ihrer Bestellung sowie zur Bearbeitung Ihrer Anfragen erforderlich ist. Die Bereitstellung der Daten ist fu\u0308r den Vertragsschluss erforderlich. Eine Nichtbereitstellung hat zur Folge, dass kein Vertrag geschlossen werden kann. Die Verarbeitung erfolgt auf Grundlage des Art. 6 (1) lit. b DSGVO und ist fu\u0308r die Erfu\u0308llung eines Vertrags mit Ihnen erforderlich. Eine Weitergabe Ihrer Daten an Dritte ohne Ihre ausdru\u0308ckliche Einwilligung erfolgt nicht. Ausgenommen hiervon sind lediglich unsere Dienstleistungspartner, die wir zur Abwicklung des Vertragsverha\u0308ltnisses beno\u0308tigen oder Dienstleister derer wir uns im Rahmen einer Auftragsverarbeitung bedienen. Neben den in den jeweiligen Klauseln dieser Datenschutzerkla\u0308rung benannten Empfa\u0308ngern sind dies beispielsweise Empfa\u0308nger folgender Kategorien: Versanddienstleister, Zahlungsdienstleister, Warenwirtschaftsdienstleister, Diensteanbieter fu\u0308r die Bestellabwicklung, Webhoster, IT-Dienstleister und Dropshipping Ha\u0308ndler. In allen Fa\u0308llen beachten wir strikt die gesetzlichen Vorgaben. Der Umfang der Datenu\u0308bermittlung beschra\u0308nkt sich auf ein Mindestma\u00df.<\/p>\n<h2>Verwendung der E-Mail-Adresse fu\u0308r die Zusendung von Newslettern<\/h2>\n<p>Wir nutzen Ihre E-Mail-Adresse unabha\u0308ngig von der Vertragsabwicklung ausschlie\u00dflich fu\u0308r eigene Werbezwecke zum Newsletterversand, sofern Sie dem ausdru\u0308cklich zugestimmt haben. Die Verarbeitung erfolgt auf Grundlage des Art. 6 (1) lit. a DSGVO mit Ihrer Einwilligung. Sie ko\u0308nnen die Einwilligung jederzeit widerrufen, ohne dass die Rechtma\u0308\u00dfigkeit der aufgrund der Einwilligung bis zum Widerruf erfolgten Verarbeitung beru\u0308hrt wird. Sie ko\u0308nnen dazu den Newsletter jederzeit unter Nutzung des entsprechenden Links im Newsletter oder durch Mitteilung an uns abbestellen. Ihre E-Mail-Adresse wird danach aus dem Verteiler entfernt.<\/p>\n<p>Ihre Daten werden dabei an einen Dienstleister fu\u0308r E-Mail-Marketing im Rahmen einer Auftragsverarbeitung weitergegeben. Eine Weitergabe an sonstige Dritte erfolgt nicht.<\/p>\n<h2>Verwendung von PayPal<\/h2>\n<p>Alle PayPal-Transaktionen unterliegen der PayPal-Datenschutzerkla\u0308rung. Diese finden Sie unter<br \/>\n<a href=\"https:\/\/www.paypal.com\/de\/webapps\/mpp\/ua\/privacy-prev?locale.x=de_DE\">https:\/\/www.paypal.com\/de\/webapps\/mpp\/ua\/privacy-prev?locale.x=de_DE<\/a><\/p>\n<h2>Cookies<\/h2>\n<p>Unsere Website verwendet Cookies. Cookies sind kleine Textdateien, die im Internetbrowser bzw. vom Internetbrowser auf dem Computersystem eines Nutzers gespeichert werden. Ruft ein Nutzer eine Website auf, so kann ein Cookie auf dem Betriebssystem des Nutzers gespeichert werden. Dieser Cookie entha\u0308lt eine charakteristische Zeichenfolge, die eine eindeutige Identifizierung des Browsers beim erneuten Aufrufen der Website ermo\u0308glicht. Wir setzen Cookies zu dem Zweck ein, unser Angebot nutzerfreundlicher, effektiver und sicherer zu machen. Des Weiteren ermo\u0308glichen Cookies unseren Systemen, Ihren Browser auch nach einem Seitenwechsel zu erkennen und Ihnen Services anzubieten. Einige Funktionen unserer Internetseite ko\u0308nnen ohne den Einsatz von Cookies nicht angeboten werden. Fu\u0308r diese ist es erforderlich, dass der Browser auch nach einem Seitenwechsel wiedererkannt wird.<\/p>\n<p>Wir verwenden auf unserer Website daru\u0308ber hinaus Cookies zu dem Zweck, eine Analyse des Surfverhaltens unserer Seitenbesucher zu ermo\u0308glichen.<\/p>\n<p>Des Weiteren verwenden wir Cookies zu dem Zweck, Seitenbesucher anschlie\u00dfend auf anderen Webseiten mit gezielter, interessenbezogener Werbung anzusprechen.<\/p>\n<p>Die Verarbeitung erfolgt auf Grundlage des \u00a7 15 (3) TMG sowie Art. 6 (1) lit. f DSGVO aus dem berechtigten Interesse an den oben genannten Zwecken.<\/p>\n<p>Die auf diese Weise von Ihnen erhobenen Daten werden durch technische Vorkehrungen pseudonymisiert. Eine Zuordnung der Daten zu Ihrer Person ist daher nicht mehr mo\u0308glich. Die Daten werden nicht gemeinsam mit sonstigen personenbezogenen Daten von Ihnen gespeichert.<\/p>\n<p><strong>Sie haben das Recht aus Gru\u0308nden, die sich aus Ihrer besonderen Situation ergeben, jederzeit gegen diese auf Art. 6 (1) f DSGVO beruhende Verarbeitung Sie betreffender personenbezogener Daten zu widersprechen.<\/strong><\/p>\n<p>Cookies werden auf Ihrem Rechner gespeichert. Daher haben Sie die volle Kontrolle u\u0308ber die Verwendung von Cookies. Durch die Auswahl entsprechender technischer Einstellungen Ihrem Internetbrowser ko\u0308nnen Sie die Speicherung der Cookies und U\u0308bermittlung der enthaltenen Daten verhindern. Bereits gespeicherte Cookies ko\u0308nnen jederzeit gelo\u0308scht werden. Wir weisen Sie jedoch darauf hin, dass Sie in dann gegebenenfalls nicht sa\u0308mtliche Funktionen dieser Website vollumfa\u0308nglich werden nutzen ko\u0308nnen.<\/p>\n<p>Unter den nachstehenden Links ko\u0308nnen Sie sich informieren, wie Sie die Cookies bei den wichtigsten Browsern verwalten (u.a. auch deaktivieren) ko\u0308nnen:<\/p>\n<p>&#8211; Chrome Browser: <a href=\"https:\/\/support.google.com\/accounts\/answer\/61416?hl=de\">https:\/\/support.google.com\/accounts\/answer\/61416?hl=de<\/a><br \/>\n&#8211; Internet Explorer: <a href=\"https:\/\/support.microsoft.com\/de-de\/help\/17442\/windows-internet-explorer-delete-manage-cookies\">https:\/\/support.microsoft.com\/de-de\/help\/17442\/windows-internet-explorer-delete-manage-cookies<\/a><br \/>\n&#8211; Mozilla Firefox: <a href=\"https:\/\/support.mozilla.org\/de\/kb\/cookies-erlauben-und-ablehnen\">https:\/\/support.mozilla.org\/de\/kb\/cookies-erlauben-und-ablehnen<\/a><br \/>\n&#8211; Safari: <a href=\"https:\/\/support.apple.com\/de-de\/guide\/safari\/manage-cookies-and-website-data-sfri11471\/mac\">https:\/\/support.apple.com\/de-de\/guide\/safari\/manage-cookies-and-website-data-sfri11471\/mac<\/a><\/p>\n<h2>Nutzung von Google Analytics<\/h2>\n<p>Wir verwenden auf unserer Website den Webanalysedienst Google Analytics der Google Inc. (1600 Amphitheatre Parkway, Mountain View, CA 94043, USA; \u201eGoogle\u201c). Die Datenverarbeitung dient dem Zweck der Analyse dieser Website und ihrer Besucher. Dazu wird Google im Auftrag des Betreibers dieser Website die gewonnenen Informationen benutzen, um Ihre Nutzung der Website auszuwerten, um Reports u\u0308ber die Websiteaktivita\u0308ten zusammenzustellen und um weitere, mit der Websitenutzung und der Internetnutzung verbundene Dienstleistungen gegenu\u0308ber dem Websitebetreiber zu erbringen. Die im Rahmen von Google Analytics von Ihrem Browser u\u0308bermittelte IP-Adresse wird nicht mit anderen Daten von Google zusammengefu\u0308hrt.<\/p>\n<p>Google Analytics verwendet Cookies, die eine Analyse der Benutzung der Website durch Sie ermo\u0308glichen. Die durch die Cookies erzeugten Informationen u\u0308ber Ihre Benutzung dieser Website werden in der Regel an einen Server von Google in den USA u\u0308bertragen und dort gespeichert. Auf dieser Website ist die IP-Anonymisierung aktiviert. Dadurch wird Ihre IP-Adresse von Google innerhalb von Mitgliedstaaten der Europa\u0308ischen Union oder in anderen Vertragsstaaten des Abkommens u\u0308ber den Europa\u0308ischen Wirtschaftsraum zuvor geku\u0308rzt. Nur in Ausnahmefa\u0308llen wird die volle IP-Adresse an einen Server von Google in den USA u\u0308bertragen und dort geku\u0308rzt. Ihre Daten werden gegebenenfalls in die USA u\u0308bermittelt. Fu\u0308r Datenu\u0308bermittlungen in die USA ist ein Angemessenheitsbeschluss der Europa\u0308ischen Kommission vorhanden. Die Verarbeitung erfolgt auf Grundlage des Art. 6 (1) lit. f DSGVO aus dem berechtigten Interesse an der bedarfsgerechten und zielgerichteten Gestaltung der Website.<\/p>\n<p>Sie haben das Recht aus Gru\u0308nden, die sich aus Ihrer besonderen Situation ergeben, jederzeit gegen diese auf Art. 6 (1) f DSGVO beruhende Verarbeitung Sie betreffender personenbezogener Daten zu widersprechen.<\/p>\n<p>Sie ko\u0308nnen dazu die Speicherung der Cookies durch die Auswahl entsprechender technischer Einstellungen Ihrer Browser-Software verhindern; wir weisen Sie jedoch darauf hin, dass Sie in diesem Fall gegebenenfalls nicht sa\u0308mtliche Funktionen dieser Website vollumfa\u0308nglich werden nutzen ko\u0308nnen. Sie ko\u0308nnen des Weiteren die Erfassung der durch das Cookie erzeugten und auf Ihre Nutzung der Website bezogenen Daten (inkl. Ihrer IP-Adresse) an Google sowie die Verarbeitung dieser Daten durch Google verhindern, indem sie das unter dem folgenden Link verfu\u0308gbare Browser-Plug-in herunterladen und installieren: <a href=\"https:\/\/tools.google.com\/dlpage\/gaoptout?hl=de\">https:\/\/tools.google.com\/dlpage\/gaoptout?hl=de<\/a>. Um die Erfassung durch Google Analytics gera\u0308teu\u0308bergreifend zu verhindern ko\u0308nnen Sie einen Opt-Out-Cookie setzen. Opt-Out-Cookies verhindern die zuku\u0308nftige Erfassung Ihrer Daten beim Besuch dieser Website. Sie mu\u0308ssen das Opt-Out auf allen genutzten Systemen und Gera\u0308ten durchfu\u0308hren, damit dies umfassend wirkt. Wenn Sie <a href=\"https:\/\/shop.haus-automatisierung.com\/datenschutz#\" data-ganalytics=\"\">hier<\/a> klicken, wird das Opt-Out-Cookie gesetzt: Google Analytics deaktivieren.<\/p>\n<p>Na\u0308here Informationen zu Nutzungsbedingungen und Datenschutz finden Sie unter <a href=\"https:\/\/www.google.com\/analytics\/terms\/de.html\">https:\/\/www.google.com\/analytics\/terms\/de.html<\/a> bzw. unter <a href=\"https:\/\/www.google.de\/intl\/de\/policies\/\">https:\/\/www.google.de\/intl\/de\/policies\/<\/a>.<\/p>\n<h2>Verwendung von Facebook Remarketing<\/h2>\n<p>Wir verwenden auf unserer Website die Remarketing-Funktion \u201eCustom Audiences\u201c der Facebook Inc. (1601 S. California Ave, Palo Alto, CA 94304, USA; &#8222;Facebook&#8220;).<\/p>\n<p>Diese Funktion dient dem Zweck die Besucher der Website zielgerichtet mit interessenbezogener Werbung im sozialen Netzwerk Facebook anzusprechen.<\/p>\n<p>Dazu wurde auf der Website das Remarketing-Tag von Facebook implementiert. U\u0308ber dieses Tag wird beim Besuch der Website eine direkte Verbindung zu den Facebook-Servern hergestellt. Hierdurch wird an den Facebook-Server u\u0308bermittelt, welche unserer Seiten Sie besucht haben. Facebook ordnet diese Information Ihrem perso\u0308nlichen Facebook-Benutzerkonto zu. Wenn Sie das soziale Netzwerk Facebook besuchen, werden Ihnen dann personalisierte, interessenbezogene Facebook-Ads angezeigt. Die Verarbeitung erfolgt auf Grundlage des Art. 6 (1) lit. f DSGVO aus dem berechtigen Interesse an dem oben genannten Zweck.<\/p>\n<p>Sie haben das Recht aus Gru\u0308nden, die sich aus Ihrer besonderen Situation ergeben, jederzeit gegen diese auf Art. 6 (1) f DSGVO beruhende Verarbeitung Sie betreffender personenbezogener Daten zu widersprechen.<\/p>\n<p>Dazu ko\u0308nnen Sie die Remarketing-Funktion \u201eCustom Audiences\u201c <a href=\"https:\/\/shop.haus-automatisierung.com\/datenschutz#\" data-fbpixel=\"\">hier<\/a> deaktivieren.<br \/>\nNa\u0308here Informationen zur Erhebung und Nutzung der Daten durch Facebook, u\u0308ber Ihre diesbezu\u0308glichen Rechte und Mo\u0308glichkeiten zum Schutz Ihrer Privatspha\u0308re finden Sie in den Datenschutzhinweisen von Facebook unter <a href=\"https:\/\/www.facebook.com\/about\/privacy\/\">https:\/\/www.facebook.com\/about\/privacy\/<\/a>.<\/p>\n<h2>Verwendung von YouTube<\/h2>\n<p>Wir verwenden auf unserer Website die Funktion zur Einbettung von YouTube-Videos der YouTube LLC. (901 Cherry Ave., San Bruno, CA 94066, USA; \u201eYouTube\u201c).<\/p>\n<p>YouTube ist ein mit der Google Inc. (1600 Amphitheatre Parkway, Mountain View, CA 94043, USA; \u201cGoogle\u201d) verbundenes Unternehmen.<\/p>\n<p>Die Funktion zeigt bei YouTube hinterlegte Videos in einem iFrame auf der Website an. Dabei ist die Option \u201eErweiterter Datenschutzmodus\u201c aktiviert. Dadurch werden von YouTube keine Informationen u\u0308ber die Besucher der Website gespeichert. Erst wenn Sie sich ein Video ansehen, werden Informationen daru\u0308ber an YouTube u\u0308bermittelt und dort gespeichert.<\/p>\n<p>Na\u0308here Informationen zur Erhebung und Nutzung der Daten durch YouTube und Google, u\u0308ber Ihre diesbezu\u0308glichen Rechte und Mo\u0308glichkeiten zum Schutz Ihrer Privatspha\u0308re finden Sie in den Datenschutzhinweisen von YouTube (<a href=\"https:\/\/www.youtube.com\/t\/privacy\">https:\/\/www.youtube.com\/t\/privacy<\/a>).<\/p>\n<h2>Dauer der Speicherung<\/h2>\n<p>Nach vollsta\u0308ndiger Vertragsabwicklung werden die Daten zuna\u0308chst fu\u0308r die Dauer der Gewa\u0308hrleistungsfrist, danach unter Beru\u0308cksichtigung gesetzlicher, insbesondere steuer- und handelsrechtlicher Aufbewahrungsfristen gespeichert und dann nach Fristablauf gelo\u0308scht, sofern Sie der weitergehenden Verarbeitung und Nutzung nicht zugestimmt haben.<\/p>\n<h2>Rechte der betroffenen Person<\/h2>\n<p>Ihnen stehen bei Vorliegen der gesetzlichen Voraussetzungen folgende Rechte nach Art. 15 bis 20 DSGVO zu: Recht auf Auskunft, auf Berichtigung, auf Lo\u0308schung, auf Einschra\u0308nkung der Verarbeitung, auf Datenu\u0308bertragbarkeit.<\/p>\n<p>Au\u00dferdem steht Ihnen nach Art. 21 (1) DSGVO ein Widerspruchsrecht gegen die Verarbeitungen zu, die auf Art. 6 (1) f DSGVO beruhen, sowie gegen die Verarbeitung zum Zwecke von Direktwerbung.<\/p>\n<p>Kontaktieren Sie uns auf Wunsch. Die Kontaktdaten finden Sie in unserem Impressum.<\/p>\n<h2>Beschwerderecht bei der Aufsichtsbeho\u0308rde<\/h2>\n<p>Sie haben gema\u0308\u00df Art. 77 DSGVO das Recht, sich bei der Aufsichtsbeho\u0308rde zu beschweren, wenn Sie der Ansicht sind, dass die Verarbeitung Ihrer personenbezogenen Daten nicht rechtma\u0308\u00dfig erfolgt.<\/p>\n<p>letzte Aktualisierung: 09.01.2020<\/p>\n","protected":false},"excerpt":{"rendered":"<p>Verantwortliche Stelle im Sinne der Datenschutzgesetze ist: Bernd-Steffen Gro\u00dfmann Waldblick 24 53619 RheinbreitbachKontakt: Telefon: 02224 980915 Mobil: 0171 4918300 E-Mail: information&#8220;\u00e4t&#8220;tele-grossmann.de Steuer-ID: 32\/055\/55270 Soweit nachstehend keine anderen Angaben gemacht werden, ist die Bereitstellung Ihrer personenbezogenen Daten weder gesetzlich oder vertraglich vorgeschrieben, noch fu\u0308r einen Vertragsabschluss erforderlich. Sie sind zur Bereitstellung der Daten nicht verpflichtet. Eine&#8230;<\/p>\n","protected":false},"author":1,"featured_media":0,"parent":104,"menu_order":0,"comment_status":"closed","ping_status":"closed","template":"","meta":{"_kadence_starter_templates_imported_post":false,"_kad_post_transparent":"","_kad_post_title":"hide","_kad_post_layout":"","_kad_post_sidebar_id":"","_kad_post_content_style":"","_kad_post_vertical_padding":"","_kad_post_feature":"","_kad_post_feature_position":"","_kad_post_header":false,"_kad_post_footer":false,"_kad_post_classname":"","footnotes":""},"class_list":["post-49","page","type-page","status-publish","hentry"],"_links":{"self":[{"href":"https:\/\/wordpress.tele-grossmann.de\/index.php?rest_route=\/wp\/v2\/pages\/49","targetHints":{"allow":["GET"]}}],"collection":[{"href":"https:\/\/wordpress.tele-grossmann.de\/index.php?rest_route=\/wp\/v2\/pages"}],"about":[{"href":"https:\/\/wordpress.tele-grossmann.de\/index.php?rest_route=\/wp\/v2\/types\/page"}],"author":[{"embeddable":true,"href":"https:\/\/wordpress.tele-grossmann.de\/index.php?rest_route=\/wp\/v2\/users\/1"}],"replies":[{"embeddable":true,"href":"https:\/\/wordpress.tele-grossmann.de\/index.php?rest_route=%2Fwp%2Fv2%2Fcomments&post=49"}],"version-history":[{"count":8,"href":"https:\/\/wordpress.tele-grossmann.de\/index.php?rest_route=\/wp\/v2\/pages\/49\/revisions"}],"predecessor-version":[{"id":69,"href":"https:\/\/wordpress.tele-grossmann.de\/index.php?rest_route=\/wp\/v2\/pages\/49\/revisions\/69"}],"up":[{"embeddable":true,"href":"https:\/\/wordpress.tele-grossmann.de\/index.php?rest_route=\/wp\/v2\/pages\/104"}],"wp:attachment":[{"href":"https:\/\/wordpress.tele-grossmann.de\/index.php?rest_route=%2Fwp%2Fv2%2Fmedia&parent=49"}],"curies":[{"name":"wp","href":"https:\/\/api.w.org\/{rel}","templated":true}]}}