{"id":59,"date":"2018-08-19T21:15:26","date_gmt":"2018-08-19T19:15:26","guid":{"rendered":"http:\/\/wordpress.tele-grossmann.de\/?page_id=59"},"modified":"2026-01-21T16:55:26","modified_gmt":"2026-01-21T15:55:26","slug":"kontakt-2","status":"publish","type":"page","link":"https:\/\/wordpress.tele-grossmann.de\/?page_id=59","title":{"rendered":"Kontakt"},"content":{"rendered":"<div class=\"wp-block-image wp-duotone-unset-1\">\n<figure class=\"alignleft is-resized\"><img loading=\"lazy\" decoding=\"async\" width=\"621\" height=\"767\" src=\"https:\/\/wordpress.tele-grossmann.de\/wp-content\/uploads\/2023\/10\/2023-09-03_michse.jpg\" alt=\"\" class=\"wp-image-149\" style=\"width:258px;height:319px\" srcset=\"https:\/\/wordpress.tele-grossmann.de\/wp-content\/uploads\/2023\/10\/2023-09-03_michse.jpg 621w, https:\/\/wordpress.tele-grossmann.de\/wp-content\/uploads\/2023\/10\/2023-09-03_michse-243x300.jpg 243w\" sizes=\"auto, (max-width: 621px) 100vw, 621px\" \/><\/figure>\n<\/div>\n\n<p>Vielen Dank f\u00fcr Ihren Besuch auf unseren Seiten.<\/p>\n<p>Wenn Sie Fragen, W\u00fcnsche oder Anregungen haben, so k\u00f6nnen Sie per E-Mail, Telefon oder unten im Formular Kontakt zu mir aufnehmen.<\/p>\n<p>Dipl.-Ing. Bernd-Steffen Gro\u00dfmann<br \/>Waldblick 24<br \/>53619 Rheinbreitbach<\/p>\n<p>Telefon: 02224 980 915 oder Mobil: 0171 49 18 300 &#8211; eMail: anfrage &#8222;\u00e4t&#8220; tele-grossmann.de<\/p>\n<p>Bitte nehmen Sie mit mir Kontakt auf. Ich helfe Ihnen gern!<\/p>\n\n\n<hr class=\"wp-block-separator has-alpha-channel-opacity\"\/>\n\n\n<style>.kb-form input.kadence-blocks-field.verify{opacity:0.0;position:absolute;top:0.0;left:0.0;width:0.0;height:0.0;z-index:-1;}<\/style>\n<div class=\"wp-block-kadence-form kadence-form-59_c24f6e-2f kb-form-wrap\"><form class=\"kb-form\" action=\"\" method=\"post\"><div class=\"kadence-blocks-form-field kb-field-desk-width-100 kb-input-size-standard\"><label for=\"kb_field_59_c24f6e-2f_0\">Name<\/label><input name=\"kb_field_0\" id=\"kb_field_59_c24f6e-2f_0\" data-label=\"Name\" type=\"text\" placeholder=\"\" value=\"\" data-type=\"text\" class=\"kb-field kb-text-style-field kb-text-field kb-field-0\"\/><\/div><div class=\"kadence-blocks-form-field kb-form-field-1 kb-field-desk-width-100 kb-input-size-standard\"><label for=\"kb_field_59_c24f6e-2f_1\">Email<span class=\"required\">*<\/span><\/label><input name=\"kb_field_1\" id=\"kb_field_59_c24f6e-2f_1\" data-label=\"Email\" type=\"email\" placeholder=\"\" value=\"\" data-type=\"email\" class=\"kb-field kb-text-style-field kb-email-field kb-field-1\" data-required=\"yes\"\/><\/div><div class=\"kadence-blocks-form-field kb-form-field-2 kb-field-desk-width-100 kb-input-size-standard\"><label for=\"kb_field_59_c24f6e-2f_2\">Message<span class=\"required\">*<\/span><\/label><textarea name=\"kb_field_2\" id=\"kb_field_59_c24f6e-2f_2\" data-label=\"Message\" type=\"textarea\" placeholder=\"\" data-type=\"textarea\" class=\"kb-field kb-text-style-field kb-textarea-field kb-field-2\" rows=\"4\" data-required=\"yes\"><\/textarea><\/div><input type=\"hidden\" name=\"_kb_form_id\" value=\"59_c24f6e-2f\"\/><input type=\"hidden\" name=\"_kb_form_post_id\" value=\"59\"\/><input type=\"hidden\" name=\"action\" value=\"kb_process_ajax_submit\"\/><label class=\"kadence-verify-label\">Email<input class=\"kadence-blocks-field verify\" type=\"text\" name=\"_kb_verify_email\" autocomplete=\"new-password\" aria-hidden=\"true\" placeholder=\"Email\" tabindex=\"-1\" data-1p-ignore=\"true\" data-lpignore=\"true\" \/><\/label><div class=\"kadence-blocks-form-field kb-submit-field kb-field-desk-width-100\"><button class=\"kb-forms-submit button kb-button-size-standard kb-button-width-auto\">Submit<\/button><\/div><\/form><\/div>\n<noscript><div class=\"kadence-blocks-form-message kadence-blocks-form-warning\">Bitte aktiviere JavaScript in deinem Browser, um dieses Formular fertigzustellen.<\/div><style>.kadence-form-59_c24f6e-2f .kadence-blocks-form-field.kb-submit-field { display: none; }<\/style><\/noscript>\n\n\n<p>Hinweis: Felder mit * gekennzeichnet, sind Pflichtfelder! <\/p>\n","protected":false},"excerpt":{"rendered":"<p>Vielen Dank f\u00fcr Ihren Besuch auf unseren Seiten. Wenn Sie Fragen, W\u00fcnsche oder Anregungen haben, so k\u00f6nnen Sie per E-Mail, Telefon oder unten im Formular Kontakt zu mir aufnehmen. Dipl.-Ing. Bernd-Steffen Gro\u00dfmannWaldblick 2453619 Rheinbreitbach Telefon: 02224 980 915 oder Mobil: 0171 49 18 300 &#8211; eMail: anfrage &#8222;\u00e4t&#8220; tele-grossmann.de Bitte nehmen Sie mit mir Kontakt&#8230;<\/p>\n","protected":false},"author":1,"featured_media":0,"parent":104,"menu_order":0,"comment_status":"closed","ping_status":"closed","template":"","meta":{"_kadence_starter_templates_imported_post":false,"_kad_post_transparent":"","_kad_post_title":"","_kad_post_layout":"","_kad_post_sidebar_id":"","_kad_post_content_style":"","_kad_post_vertical_padding":"","_kad_post_feature":"","_kad_post_feature_position":"","_kad_post_header":false,"_kad_post_footer":false,"_kad_post_classname":"","footnotes":""},"class_list":["post-59","page","type-page","status-publish","hentry"],"_links":{"self":[{"href":"https:\/\/wordpress.tele-grossmann.de\/index.php?rest_route=\/wp\/v2\/pages\/59","targetHints":{"allow":["GET"]}}],"collection":[{"href":"https:\/\/wordpress.tele-grossmann.de\/index.php?rest_route=\/wp\/v2\/pages"}],"about":[{"href":"https:\/\/wordpress.tele-grossmann.de\/index.php?rest_route=\/wp\/v2\/types\/page"}],"author":[{"embeddable":true,"href":"https:\/\/wordpress.tele-grossmann.de\/index.php?rest_route=\/wp\/v2\/users\/1"}],"replies":[{"embeddable":true,"href":"https:\/\/wordpress.tele-grossmann.de\/index.php?rest_route=%2Fwp%2Fv2%2Fcomments&post=59"}],"version-history":[{"count":15,"href":"https:\/\/wordpress.tele-grossmann.de\/index.php?rest_route=\/wp\/v2\/pages\/59\/revisions"}],"predecessor-version":[{"id":206,"href":"https:\/\/wordpress.tele-grossmann.de\/index.php?rest_route=\/wp\/v2\/pages\/59\/revisions\/206"}],"up":[{"embeddable":true,"href":"https:\/\/wordpress.tele-grossmann.de\/index.php?rest_route=\/wp\/v2\/pages\/104"}],"wp:attachment":[{"href":"https:\/\/wordpress.tele-grossmann.de\/index.php?rest_route=%2Fwp%2Fv2%2Fmedia&parent=59"}],"curies":[{"name":"wp","href":"https:\/\/api.w.org\/{rel}","templated":true}]}}